{"id":2315,"date":"2010-10-23T18:40:25","date_gmt":"2010-10-23T18:40:25","guid":{"rendered":"https:\/\/carlosdavila.com\/fr\/about\/"},"modified":"2017-09-19T15:19:15","modified_gmt":"2017-09-19T15:19:15","slug":"a-propos-de-carlos-davila-photographe-commercial","status":"publish","type":"page","link":"https:\/\/carlosdavila.com\/fr\/a-propos-de-carlos-davila-photographe-commercial\/","title":{"rendered":"\u00c0 propos de Carlos Davila &#8211; Photographe commercial"},"content":{"rendered":"<p>[vc_row bg_color=\u00a0\u00bb#ffffff\u00a0\u00bb top_padding=\u00a0\u00bb30&Prime;][vc_column width=\u00a0\u00bb1\/1&Prime;][vc_column_text]<\/p>\n<div align=\"center\">\n<h2>\u00c0 propos de Carlos Davila &#8211; Photographe commercial<\/h2>\n<\/div>\n<p>[\/vc_column_text]<div class=\"newdivider align-center\" style=\"border-bottom-style: solid; border-color: #722f37; border-bottom-width: 3px; margin-top: -20px; margin-bottom: 30px; width: 6%; \"><\/div><div class=\"clear\"><\/div>[\/vc_column][\/vc_row][vc_row top_padding=\u00a0\u00bb20&Prime; bottom_padding=\u00a0\u00bb60&Prime;][vc_column width=\u00a0\u00bb1\/3&Prime;]<div class=\"single_image wpb_content_element align-left  image_box_rounded  \" data-animation=\"none\" data-delay=\"0\"><img loading=\"lazy\" decoding=\"async\" width=\"376\" height=\"500\" src=\"https:\/\/carlosdavila.com\/wp-content\/uploads\/2010\/10\/carlos-davila-commercial-photographer.jpg\" class=\"attachment-full\" alt=\"Carlos Davila\" title=\"carlos-davila-commercial-photographer\" srcset=\"https:\/\/carlosdavila.com\/wp-content\/uploads\/2010\/10\/carlos-davila-commercial-photographer.jpg 376w, https:\/\/carlosdavila.com\/wp-content\/uploads\/2010\/10\/carlos-davila-commercial-photographer-226x300.jpg 226w\" sizes=\"(max-width: 376px) 100vw, 376px\" \/><\/div>[\/vc_column][vc_column width=\u00a0\u00bb2\/3&Prime;][vc_column_text]Photographe montr\u00e9alais, Carlos est le gars \u00ab id\u00e9al \u00bb pour les photos de produits. Ses tarifs sont tr\u00e8s comp\u00e9titifs et sa priorit\u00e9 est de s\u2019assurer que le client ait une exp\u00e9rience agr\u00e9able et productive dans le studio.<\/p>\n<p>En raison de son approche orient\u00e9e vers les solutions, Carlos travaille \u00e9troitement avec son client pour faire tout ce qu\u2019il faut pour obtenir la bonne photo, puis ensuite la peaufiner jusqu\u2019au moindre d\u00e9tail. Que ce soit des \u00e9l\u00e9ments haute-gamme tels que l\u2019or, les pierres pr\u00e9cieuses, les produits pharmaceutiques, les cosm\u00e9tiques ou tout simplement les paniers de fleurs, il travaille jusqu&rsquo;\u00e0 ce qu\u2019une bonne photo devienne une grande image. En post-production, le travail continu pour raffiner l\u2019image et la rendre \u00ab \u00e9tincelante \u00bb dans les yeux des t\u00e9l\u00e9spectateurs.<\/p>\n<p>La plupart des images sont lues seulement pour une fraction de seconde et c\u2019est pendant cette courte p\u00e9riode qu&rsquo;un spectateur r\u00e9alise un jugement sur le contenu ou au moins ressent une \u00e9motion qui d\u00e9cide souvent du succ\u00e8s de n\u2019importe quel message visuel. Lors de d\u00e9gustation de nourriture, on connait le verdict imm\u00e9diatement. L\u2019oeil est encore plus rapide, donc lorsque vous cuisinez avec une cam\u00e9ra, la technique et les ingr\u00e9dients doivent \u00eatre m\u00e9lang\u00e9s avec un go\u00fbt palpable \u00e0 l\u2019esprit ; le facteur \u00abr\u00e9gal pour les yeux \u00bb.<\/p>\n<p>Carlos partage ses studios enti\u00e8rement \u00e9quip\u00e9s avec le coll\u00e8gue photographe Pierre Arsenault. Ensemble, ils forment \u00abImages Aluma\u00bb, un partenariat dans la production de banques d\u2019images et repr\u00e9sent\u00e9e par MasterFile, Getty Images et Alamy. Le studio est spacieux avec deux sections : le Studio-A pour les s\u00e9ances photos en direct et le Studio-B, id\u00e9al pour la photographie de produit.[\/vc_column_text][\/vc_column][\/vc_row]<\/p>\n","protected":false},"excerpt":{"rendered":"<p>[vc_row bg_color=\u00a0\u00bb#ffffff\u00a0\u00bb top_padding=\u00a0\u00bb30&Prime;][vc_column width=\u00a0\u00bb1\/1&Prime;][vc_column_text] \u00c0 propos de Carlos Davila &#8211; Photographe commercial [\/vc_column_text][\/vc_column][\/vc_row][vc_row top_padding=\u00a0\u00bb20&Prime; bottom_padding=\u00a0\u00bb60&Prime;][vc_column width=\u00a0\u00bb1\/3&Prime;][\/vc_column][vc_column width=\u00a0\u00bb2\/3&Prime;][vc_column_text]Photographe montr\u00e9alais, Carlos est le gars \u00ab id\u00e9al \u00bb pour les photos de produits. Ses tarifs sont tr\u00e8s comp\u00e9titifs et sa priorit\u00e9 est de s\u2019assurer que le client ait une exp\u00e9rience agr\u00e9able et productive dans le studio. En raison de son approche orient\u00e9e vers les solutions, Carlos travaille \u00e9troitement avec son client pour faire tout ce qu\u2019il faut pour obtenir la bonne photo, puis ensuite la peaufiner jusqu\u2019au moindre d\u00e9tail. Que ce soit des \u00e9l\u00e9ments haute-gamme tels que l\u2019or, les pierres pr\u00e9cieuses, les produits pharmaceutiques, les cosm\u00e9tiques ou tout simplement les paniers de fleurs, il travaille jusqu&rsquo;\u00e0 ce qu\u2019une bonne photo devienne une grande image. En post-production, le travail continu pour raffiner l\u2019image et la rendre \u00ab \u00e9tincelante \u00bb dans les yeux des t\u00e9l\u00e9spectateurs. La plupart des images sont lues seulement pour une fraction de seconde et c\u2019est pendant cette courte p\u00e9riode qu&rsquo;un spectateur r\u00e9alise un jugement sur le contenu ou au moins ressent une \u00e9motion qui d\u00e9cide souvent du succ\u00e8s de n\u2019importe quel message visuel. Lors de d\u00e9gustation de nourriture, on connait le verdict imm\u00e9diatement. L\u2019oeil est encore plus rapide, donc lorsque vous [&hellip;]<\/p>\n","protected":false},"author":88889,"featured_media":0,"parent":0,"menu_order":0,"comment_status":"closed","ping_status":"closed","template":"","meta":{"footnotes":""},"yoast_head":"<!-- This site is optimized with the Yoast SEO plugin v21.5 - https:\/\/yoast.com\/wordpress\/plugins\/seo\/ -->\n<title>\u00c0 propos de Carlos Davila | Photographe Commercial Montr\u00e9al Qu\u00e9bec<\/title>\n<meta name=\"description\" content=\"Photographe montr\u00e9alais, Carlos est le gars \u00ab id\u00e9al \u00bb pour les photos de produits, bijoux, produits de beaut\u00e9, corporatif, et nourriture &amp; boisson\" \/>\n<meta name=\"robots\" content=\"index, follow, max-snippet:-1, max-image-preview:large, max-video-preview:-1\" \/>\n<link rel=\"canonical\" href=\"https:\/\/carlosdavila.com\/fr\/a-propos-de-carlos-davila-photographe-commercial\/\" \/>\n<meta property=\"og:locale\" content=\"fr_FR\" \/>\n<meta property=\"og:type\" content=\"article\" \/>\n<meta property=\"og:title\" content=\"\u00c0 propos de Carlos Davila | Photographe Commercial Montr\u00e9al Qu\u00e9bec\" \/>\n<meta property=\"og:description\" content=\"Photographe montr\u00e9alais, Carlos est le gars \u00ab id\u00e9al \u00bb pour les photos de produits, bijoux, produits de beaut\u00e9, corporatif, et nourriture &amp; boisson\" \/>\n<meta property=\"og:url\" content=\"https:\/\/carlosdavila.com\/fr\/a-propos-de-carlos-davila-photographe-commercial\/\" \/>\n<meta property=\"og:site_name\" content=\"Carlos Davila | Professional Commercial Photographer Montreal\" \/>\n<meta property=\"article:modified_time\" content=\"2017-09-19T15:19:15+00:00\" \/>\n<meta name=\"twitter:card\" content=\"summary_large_image\" \/>\n<meta name=\"twitter:label1\" content=\"Dur\u00e9e de lecture estim\u00e9e\" \/>\n\t<meta name=\"twitter:data1\" content=\"2 minutes\" \/>\n<script type=\"application\/ld+json\" class=\"yoast-schema-graph\">{\"@context\":\"https:\/\/schema.org\",\"@graph\":[{\"@type\":\"WebPage\",\"@id\":\"https:\/\/carlosdavila.com\/fr\/a-propos-de-carlos-davila-photographe-commercial\/\",\"url\":\"https:\/\/carlosdavila.com\/fr\/a-propos-de-carlos-davila-photographe-commercial\/\",\"name\":\"\u00c0 propos de Carlos Davila | Photographe Commercial Montr\u00e9al Qu\u00e9bec\",\"isPartOf\":{\"@id\":\"https:\/\/carlosdavila.com\/fr\/#website\"},\"datePublished\":\"2010-10-23T18:40:25+00:00\",\"dateModified\":\"2017-09-19T15:19:15+00:00\",\"description\":\"Photographe montr\u00e9alais, Carlos est le gars \u00ab id\u00e9al \u00bb pour les photos de produits, bijoux, produits de beaut\u00e9, corporatif, et nourriture & boisson\",\"breadcrumb\":{\"@id\":\"https:\/\/carlosdavila.com\/fr\/a-propos-de-carlos-davila-photographe-commercial\/#breadcrumb\"},\"inLanguage\":\"fr-FR\",\"potentialAction\":[{\"@type\":\"ReadAction\",\"target\":[\"https:\/\/carlosdavila.com\/fr\/a-propos-de-carlos-davila-photographe-commercial\/\"]}]},{\"@type\":\"BreadcrumbList\",\"@id\":\"https:\/\/carlosdavila.com\/fr\/a-propos-de-carlos-davila-photographe-commercial\/#breadcrumb\",\"itemListElement\":[{\"@type\":\"ListItem\",\"position\":1,\"name\":\"Home\",\"item\":\"https:\/\/carlosdavila.com\/fr\/\"},{\"@type\":\"ListItem\",\"position\":2,\"name\":\"\u00c0 propos de Carlos Davila &#8211; Photographe commercial\"}]},{\"@type\":\"WebSite\",\"@id\":\"https:\/\/carlosdavila.com\/fr\/#website\",\"url\":\"https:\/\/carlosdavila.com\/fr\/\",\"name\":\"Carlos Davila | Professional Commercial Photographer Montreal\",\"description\":\"\",\"potentialAction\":[{\"@type\":\"SearchAction\",\"target\":{\"@type\":\"EntryPoint\",\"urlTemplate\":\"https:\/\/carlosdavila.com\/fr\/?s={search_term_string}\"},\"query-input\":\"required name=search_term_string\"}],\"inLanguage\":\"fr-FR\"}]}<\/script>\n<!-- \/ Yoast SEO plugin. -->","yoast_head_json":{"title":"\u00c0 propos de Carlos Davila | Photographe Commercial Montr\u00e9al Qu\u00e9bec","description":"Photographe montr\u00e9alais, Carlos est le gars \u00ab id\u00e9al \u00bb pour les photos de produits, bijoux, produits de beaut\u00e9, corporatif, et nourriture & boisson","robots":{"index":"index","follow":"follow","max-snippet":"max-snippet:-1","max-image-preview":"max-image-preview:large","max-video-preview":"max-video-preview:-1"},"canonical":"https:\/\/carlosdavila.com\/fr\/a-propos-de-carlos-davila-photographe-commercial\/","og_locale":"fr_FR","og_type":"article","og_title":"\u00c0 propos de Carlos Davila | Photographe Commercial Montr\u00e9al Qu\u00e9bec","og_description":"Photographe montr\u00e9alais, Carlos est le gars \u00ab id\u00e9al \u00bb pour les photos de produits, bijoux, produits de beaut\u00e9, corporatif, et nourriture & boisson","og_url":"https:\/\/carlosdavila.com\/fr\/a-propos-de-carlos-davila-photographe-commercial\/","og_site_name":"Carlos Davila | Professional Commercial Photographer Montreal","article_modified_time":"2017-09-19T15:19:15+00:00","twitter_card":"summary_large_image","twitter_misc":{"Dur\u00e9e de lecture estim\u00e9e":"2 minutes"},"schema":{"@context":"https:\/\/schema.org","@graph":[{"@type":"WebPage","@id":"https:\/\/carlosdavila.com\/fr\/a-propos-de-carlos-davila-photographe-commercial\/","url":"https:\/\/carlosdavila.com\/fr\/a-propos-de-carlos-davila-photographe-commercial\/","name":"\u00c0 propos de Carlos Davila | Photographe Commercial Montr\u00e9al Qu\u00e9bec","isPartOf":{"@id":"https:\/\/carlosdavila.com\/fr\/#website"},"datePublished":"2010-10-23T18:40:25+00:00","dateModified":"2017-09-19T15:19:15+00:00","description":"Photographe montr\u00e9alais, Carlos est le gars \u00ab id\u00e9al \u00bb pour les photos de produits, bijoux, produits de beaut\u00e9, corporatif, et nourriture & boisson","breadcrumb":{"@id":"https:\/\/carlosdavila.com\/fr\/a-propos-de-carlos-davila-photographe-commercial\/#breadcrumb"},"inLanguage":"fr-FR","potentialAction":[{"@type":"ReadAction","target":["https:\/\/carlosdavila.com\/fr\/a-propos-de-carlos-davila-photographe-commercial\/"]}]},{"@type":"BreadcrumbList","@id":"https:\/\/carlosdavila.com\/fr\/a-propos-de-carlos-davila-photographe-commercial\/#breadcrumb","itemListElement":[{"@type":"ListItem","position":1,"name":"Home","item":"https:\/\/carlosdavila.com\/fr\/"},{"@type":"ListItem","position":2,"name":"\u00c0 propos de Carlos Davila &#8211; Photographe commercial"}]},{"@type":"WebSite","@id":"https:\/\/carlosdavila.com\/fr\/#website","url":"https:\/\/carlosdavila.com\/fr\/","name":"Carlos Davila | Professional Commercial Photographer Montreal","description":"","potentialAction":[{"@type":"SearchAction","target":{"@type":"EntryPoint","urlTemplate":"https:\/\/carlosdavila.com\/fr\/?s={search_term_string}"},"query-input":"required name=search_term_string"}],"inLanguage":"fr-FR"}]}},"_links":{"self":[{"href":"https:\/\/carlosdavila.com\/fr\/wp-json\/wp\/v2\/pages\/2315"}],"collection":[{"href":"https:\/\/carlosdavila.com\/fr\/wp-json\/wp\/v2\/pages"}],"about":[{"href":"https:\/\/carlosdavila.com\/fr\/wp-json\/wp\/v2\/types\/page"}],"author":[{"embeddable":true,"href":"https:\/\/carlosdavila.com\/fr\/wp-json\/wp\/v2\/users\/88889"}],"replies":[{"embeddable":true,"href":"https:\/\/carlosdavila.com\/fr\/wp-json\/wp\/v2\/comments?post=2315"}],"version-history":[{"count":5,"href":"https:\/\/carlosdavila.com\/fr\/wp-json\/wp\/v2\/pages\/2315\/revisions"}],"predecessor-version":[{"id":2408,"href":"https:\/\/carlosdavila.com\/fr\/wp-json\/wp\/v2\/pages\/2315\/revisions\/2408"}],"wp:attachment":[{"href":"https:\/\/carlosdavila.com\/fr\/wp-json\/wp\/v2\/media?parent=2315"}],"curies":[{"name":"wp","href":"https:\/\/api.w.org\/{rel}","templated":true}]}}