{"id":2345,"date":"2016-06-23T20:28:52","date_gmt":"2016-06-23T20:28:52","guid":{"rendered":"https:\/\/carlosdavila.com\/fr\/graphic-retouching-photo-restoration\/"},"modified":"2016-07-20T23:45:11","modified_gmt":"2016-07-20T23:45:11","slug":"retouche-graphique-restauration-photo","status":"publish","type":"page","link":"https:\/\/carlosdavila.com\/fr\/retouche-graphique-restauration-photo\/","title":{"rendered":"Retouche Graphique \/ Restauration Photo"},"content":{"rendered":"<p>[vc_row][vc_column width=\u00a0\u00bb1\/1&Prime;][vc_column_text]<\/p>\n<div align=\"center\">\n<h2>Retouche Graphique \/ Restauration Photo<\/h2>\n<\/div>\n<p>[\/vc_column_text]<div class=\"newdivider align-center\" style=\"border-bottom-style: solid; border-color: #733139; border-bottom-width: 3px; margin-top: -20px; margin-bottom: 30px; width: 6%; \"><\/div><div class=\"clear\"><\/div>[vc_column_text]<\/p>\n<div style=\"text-align: justify;\" align=\"center\">Il s\u2019agit d\u2019AKA Photoshopping. C\u2019est un travail essentiellement personnalis\u00e9 \u00e9galement appel\u00e9 postproduction. La plupart des photos exige un certain travail de pr\u00e9paration avant la livraison. Plus la capture de photo est bonne et pr\u00e8s du travail voulu, moins il n\u00e9cessitera de postproduction. Il y a presque toujours des cheveux d\u00e9plac\u00e9s, des imperfections au visage, etc. La composition graphique est le niveau sup\u00e9rieur o\u00f9 l\u2019image est transform\u00e9e et ses \u00e9l\u00e9ments sont remodel\u00e9s graphiquement autant que n\u00e9cessaire. La restauration de photo, c\u2019est exactement \u00e7a&#8230; une vieille photo qui doit \u00eatre r\u00e9anim\u00e9e \u00e0 la vie. J\u2019adore voir la r\u00e9action d\u2019un client face \u00e0 une impression finale lors de la livraison.<\/div>\n<p>[\/vc_column_text][\/vc_column][\/vc_row][vc_row top_padding=\u00a0\u00bb30&Prime; bottom_padding=\u00a0\u00bb60&Prime;][vc_column width=\u00a0\u00bb1\/2&Prime;]<div class=\"single_image wpb_content_element align-left    \" data-animation=\"none\" data-delay=\"0\"><img loading=\"lazy\" decoding=\"async\" width=\"1280\" height=\"720\" src=\"https:\/\/carlosdavila.com\/wp-content\/uploads\/2016\/06\/Bracelets.gif\" class=\"attachment-full\" alt=\"\" title=\"Bracelets\" \/><\/div>[\/vc_column][vc_column width=\u00a0\u00bb1\/2&Prime;]<div class=\"single_image wpb_content_element align-left    \" data-animation=\"none\" data-delay=\"0\"><img loading=\"lazy\" decoding=\"async\" width=\"1280\" height=\"720\" src=\"https:\/\/carlosdavila.com\/wp-content\/uploads\/2016\/06\/Couture.gif\" class=\"attachment-full\" alt=\"\" title=\"Couture\" \/><\/div>[\/vc_column][\/vc_row][vc_row top_padding=\u00a0\u00bb30&Prime; bottom_padding=\u00a0\u00bb60&Prime;][vc_column width=\u00a0\u00bb1\/2&Prime;]<div class=\"single_image wpb_content_element align-left    \" data-animation=\"none\" data-delay=\"0\"><img loading=\"lazy\" decoding=\"async\" width=\"1280\" height=\"720\" src=\"https:\/\/carlosdavila.com\/wp-content\/uploads\/2016\/06\/Restoration.gif\" class=\"attachment-full\" alt=\"\" title=\"Restoration\" \/><\/div>[\/vc_column][vc_column width=\u00a0\u00bb1\/2&Prime;]<div class=\"single_image wpb_content_element align-left    \" data-animation=\"none\" data-delay=\"0\"><img loading=\"lazy\" decoding=\"async\" width=\"1920\" height=\"1080\" src=\"https:\/\/carlosdavila.com\/wp-content\/uploads\/2016\/06\/Ring.gif\" class=\"attachment-full\" alt=\"\" title=\"Ring\" \/><\/div>[\/vc_column][\/vc_row][vc_row top_padding=\u00a0\u00bb30&Prime; bottom_padding=\u00a0\u00bb60&Prime;][vc_column width=\u00a0\u00bb1\/2&Prime;]<div class=\"single_image wpb_content_element align-left    \" data-animation=\"none\" data-delay=\"0\"><img loading=\"lazy\" decoding=\"async\" width=\"1200\" height=\"675\" src=\"https:\/\/carlosdavila.com\/wp-content\/uploads\/2016\/06\/VitessePortrait.gif\" class=\"attachment-full\" alt=\"\" title=\"VitessePortrait\" \/><\/div>[\/vc_column][vc_column width=\u00a0\u00bb1\/2&Prime;][\/vc_column][\/vc_row]<\/p>\n","protected":false},"excerpt":{"rendered":"<p>[vc_row][vc_column width=\u00a0\u00bb1\/1&Prime;][vc_column_text] Retouche Graphique \/ Restauration Photo [\/vc_column_text][vc_column_text] Il s\u2019agit d\u2019AKA Photoshopping. C\u2019est un travail essentiellement personnalis\u00e9 \u00e9galement appel\u00e9 postproduction. La plupart des photos exige un certain travail de pr\u00e9paration avant la livraison. Plus la capture de photo est bonne et pr\u00e8s du travail voulu, moins il n\u00e9cessitera de postproduction. Il y a presque toujours des cheveux d\u00e9plac\u00e9s, des imperfections au visage, etc. La composition graphique est le niveau sup\u00e9rieur o\u00f9 l\u2019image est transform\u00e9e et ses \u00e9l\u00e9ments sont remodel\u00e9s graphiquement autant que n\u00e9cessaire. La restauration de photo, c\u2019est exactement \u00e7a&#8230; une vieille photo qui doit \u00eatre r\u00e9anim\u00e9e \u00e0 la vie. J\u2019adore voir la r\u00e9action d\u2019un client face \u00e0 une impression finale lors de la livraison. [\/vc_column_text][\/vc_column][\/vc_row][vc_row top_padding=\u00a0\u00bb30&Prime; bottom_padding=\u00a0\u00bb60&Prime;][vc_column width=\u00a0\u00bb1\/2&Prime;][\/vc_column][vc_column width=\u00a0\u00bb1\/2&Prime;][\/vc_column][\/vc_row][vc_row top_padding=\u00a0\u00bb30&Prime; bottom_padding=\u00a0\u00bb60&Prime;][vc_column width=\u00a0\u00bb1\/2&Prime;][\/vc_column][vc_column width=\u00a0\u00bb1\/2&Prime;][\/vc_column][\/vc_row][vc_row top_padding=\u00a0\u00bb30&Prime; bottom_padding=\u00a0\u00bb60&Prime;][vc_column width=\u00a0\u00bb1\/2&Prime;][\/vc_column][vc_column width=\u00a0\u00bb1\/2&Prime;][\/vc_column][\/vc_row]<\/p>\n","protected":false},"author":88889,"featured_media":0,"parent":0,"menu_order":0,"comment_status":"closed","ping_status":"closed","template":"","meta":{"footnotes":""},"yoast_head":"<!-- This site is optimized with the Yoast SEO plugin v21.5 - https:\/\/yoast.com\/wordpress\/plugins\/seo\/ -->\n<title>Retouche Graphique \/ Restauration Photo - Carlos Davila | Professional Commercial Photographer Montreal<\/title>\n<meta name=\"robots\" content=\"index, follow, max-snippet:-1, max-image-preview:large, max-video-preview:-1\" \/>\n<link rel=\"canonical\" href=\"https:\/\/carlosdavila.com\/fr\/retouche-graphique-restauration-photo\/\" \/>\n<meta property=\"og:locale\" content=\"fr_FR\" \/>\n<meta property=\"og:type\" content=\"article\" \/>\n<meta property=\"og:title\" content=\"Retouche Graphique \/ Restauration Photo - Carlos Davila | Professional Commercial Photographer Montreal\" \/>\n<meta property=\"og:description\" content=\"[vc_row][vc_column width=\u00a0\u00bb1\/1&Prime;][vc_column_text] Retouche Graphique \/ Restauration Photo [\/vc_column_text][vc_column_text] Il s\u2019agit d\u2019AKA Photoshopping. C\u2019est un travail essentiellement personnalis\u00e9 \u00e9galement appel\u00e9 postproduction. La plupart des photos exige un certain travail de pr\u00e9paration avant la livraison. Plus la capture de photo est bonne et pr\u00e8s du travail voulu, moins il n\u00e9cessitera de postproduction. Il y a presque toujours des cheveux d\u00e9plac\u00e9s, des imperfections au visage, etc. La composition graphique est le niveau sup\u00e9rieur o\u00f9 l\u2019image est transform\u00e9e et ses \u00e9l\u00e9ments sont remodel\u00e9s graphiquement autant que n\u00e9cessaire. La restauration de photo, c\u2019est exactement \u00e7a&#8230; une vieille photo qui doit \u00eatre r\u00e9anim\u00e9e \u00e0 la vie. J\u2019adore voir la r\u00e9action d\u2019un client face \u00e0 une impression finale lors de la livraison. [\/vc_column_text][\/vc_column][\/vc_row][vc_row top_padding=\u00a0\u00bb30&Prime; bottom_padding=\u00a0\u00bb60&Prime;][vc_column width=\u00a0\u00bb1\/2&Prime;][\/vc_column][vc_column width=\u00a0\u00bb1\/2&Prime;][\/vc_column][\/vc_row][vc_row top_padding=\u00a0\u00bb30&Prime; bottom_padding=\u00a0\u00bb60&Prime;][vc_column width=\u00a0\u00bb1\/2&Prime;][\/vc_column][vc_column width=\u00a0\u00bb1\/2&Prime;][\/vc_column][\/vc_row][vc_row top_padding=\u00a0\u00bb30&Prime; bottom_padding=\u00a0\u00bb60&Prime;][vc_column width=\u00a0\u00bb1\/2&Prime;][\/vc_column][vc_column width=\u00a0\u00bb1\/2&Prime;][\/vc_column][\/vc_row]\" \/>\n<meta property=\"og:url\" content=\"https:\/\/carlosdavila.com\/fr\/retouche-graphique-restauration-photo\/\" \/>\n<meta property=\"og:site_name\" content=\"Carlos Davila | Professional Commercial Photographer Montreal\" \/>\n<meta property=\"article:modified_time\" content=\"2016-07-20T23:45:11+00:00\" \/>\n<meta name=\"twitter:card\" content=\"summary_large_image\" \/>\n<meta name=\"twitter:label1\" content=\"Dur\u00e9e de lecture estim\u00e9e\" \/>\n\t<meta name=\"twitter:data1\" content=\"1 minute\" \/>\n<script type=\"application\/ld+json\" class=\"yoast-schema-graph\">{\"@context\":\"https:\/\/schema.org\",\"@graph\":[{\"@type\":\"WebPage\",\"@id\":\"https:\/\/carlosdavila.com\/fr\/retouche-graphique-restauration-photo\/\",\"url\":\"https:\/\/carlosdavila.com\/fr\/retouche-graphique-restauration-photo\/\",\"name\":\"Retouche Graphique \/ Restauration Photo - Carlos Davila | Professional Commercial Photographer Montreal\",\"isPartOf\":{\"@id\":\"https:\/\/carlosdavila.com\/fr\/#website\"},\"datePublished\":\"2016-06-23T20:28:52+00:00\",\"dateModified\":\"2016-07-20T23:45:11+00:00\",\"breadcrumb\":{\"@id\":\"https:\/\/carlosdavila.com\/fr\/retouche-graphique-restauration-photo\/#breadcrumb\"},\"inLanguage\":\"fr-FR\",\"potentialAction\":[{\"@type\":\"ReadAction\",\"target\":[\"https:\/\/carlosdavila.com\/fr\/retouche-graphique-restauration-photo\/\"]}]},{\"@type\":\"BreadcrumbList\",\"@id\":\"https:\/\/carlosdavila.com\/fr\/retouche-graphique-restauration-photo\/#breadcrumb\",\"itemListElement\":[{\"@type\":\"ListItem\",\"position\":1,\"name\":\"Home\",\"item\":\"https:\/\/carlosdavila.com\/fr\/\"},{\"@type\":\"ListItem\",\"position\":2,\"name\":\"Retouche Graphique \/ Restauration Photo\"}]},{\"@type\":\"WebSite\",\"@id\":\"https:\/\/carlosdavila.com\/fr\/#website\",\"url\":\"https:\/\/carlosdavila.com\/fr\/\",\"name\":\"Carlos Davila | Professional Commercial Photographer Montreal\",\"description\":\"\",\"potentialAction\":[{\"@type\":\"SearchAction\",\"target\":{\"@type\":\"EntryPoint\",\"urlTemplate\":\"https:\/\/carlosdavila.com\/fr\/?s={search_term_string}\"},\"query-input\":\"required name=search_term_string\"}],\"inLanguage\":\"fr-FR\"}]}<\/script>\n<!-- \/ Yoast SEO plugin. -->","yoast_head_json":{"title":"Retouche Graphique \/ Restauration Photo - Carlos Davila | Professional Commercial Photographer Montreal","robots":{"index":"index","follow":"follow","max-snippet":"max-snippet:-1","max-image-preview":"max-image-preview:large","max-video-preview":"max-video-preview:-1"},"canonical":"https:\/\/carlosdavila.com\/fr\/retouche-graphique-restauration-photo\/","og_locale":"fr_FR","og_type":"article","og_title":"Retouche Graphique \/ Restauration Photo - Carlos Davila | Professional Commercial Photographer Montreal","og_description":"[vc_row][vc_column width=\u00a0\u00bb1\/1&Prime;][vc_column_text] Retouche Graphique \/ Restauration Photo [\/vc_column_text][vc_column_text] Il s\u2019agit d\u2019AKA Photoshopping. C\u2019est un travail essentiellement personnalis\u00e9 \u00e9galement appel\u00e9 postproduction. La plupart des photos exige un certain travail de pr\u00e9paration avant la livraison. Plus la capture de photo est bonne et pr\u00e8s du travail voulu, moins il n\u00e9cessitera de postproduction. Il y a presque toujours des cheveux d\u00e9plac\u00e9s, des imperfections au visage, etc. La composition graphique est le niveau sup\u00e9rieur o\u00f9 l\u2019image est transform\u00e9e et ses \u00e9l\u00e9ments sont remodel\u00e9s graphiquement autant que n\u00e9cessaire. La restauration de photo, c\u2019est exactement \u00e7a&#8230; une vieille photo qui doit \u00eatre r\u00e9anim\u00e9e \u00e0 la vie. J\u2019adore voir la r\u00e9action d\u2019un client face \u00e0 une impression finale lors de la livraison. [\/vc_column_text][\/vc_column][\/vc_row][vc_row top_padding=\u00a0\u00bb30&Prime; bottom_padding=\u00a0\u00bb60&Prime;][vc_column width=\u00a0\u00bb1\/2&Prime;][\/vc_column][vc_column width=\u00a0\u00bb1\/2&Prime;][\/vc_column][\/vc_row][vc_row top_padding=\u00a0\u00bb30&Prime; bottom_padding=\u00a0\u00bb60&Prime;][vc_column width=\u00a0\u00bb1\/2&Prime;][\/vc_column][vc_column width=\u00a0\u00bb1\/2&Prime;][\/vc_column][\/vc_row][vc_row top_padding=\u00a0\u00bb30&Prime; bottom_padding=\u00a0\u00bb60&Prime;][vc_column width=\u00a0\u00bb1\/2&Prime;][\/vc_column][vc_column width=\u00a0\u00bb1\/2&Prime;][\/vc_column][\/vc_row]","og_url":"https:\/\/carlosdavila.com\/fr\/retouche-graphique-restauration-photo\/","og_site_name":"Carlos Davila | Professional Commercial Photographer Montreal","article_modified_time":"2016-07-20T23:45:11+00:00","twitter_card":"summary_large_image","twitter_misc":{"Dur\u00e9e de lecture estim\u00e9e":"1 minute"},"schema":{"@context":"https:\/\/schema.org","@graph":[{"@type":"WebPage","@id":"https:\/\/carlosdavila.com\/fr\/retouche-graphique-restauration-photo\/","url":"https:\/\/carlosdavila.com\/fr\/retouche-graphique-restauration-photo\/","name":"Retouche Graphique \/ Restauration Photo - Carlos Davila | Professional Commercial Photographer Montreal","isPartOf":{"@id":"https:\/\/carlosdavila.com\/fr\/#website"},"datePublished":"2016-06-23T20:28:52+00:00","dateModified":"2016-07-20T23:45:11+00:00","breadcrumb":{"@id":"https:\/\/carlosdavila.com\/fr\/retouche-graphique-restauration-photo\/#breadcrumb"},"inLanguage":"fr-FR","potentialAction":[{"@type":"ReadAction","target":["https:\/\/carlosdavila.com\/fr\/retouche-graphique-restauration-photo\/"]}]},{"@type":"BreadcrumbList","@id":"https:\/\/carlosdavila.com\/fr\/retouche-graphique-restauration-photo\/#breadcrumb","itemListElement":[{"@type":"ListItem","position":1,"name":"Home","item":"https:\/\/carlosdavila.com\/fr\/"},{"@type":"ListItem","position":2,"name":"Retouche Graphique \/ Restauration Photo"}]},{"@type":"WebSite","@id":"https:\/\/carlosdavila.com\/fr\/#website","url":"https:\/\/carlosdavila.com\/fr\/","name":"Carlos Davila | Professional Commercial Photographer Montreal","description":"","potentialAction":[{"@type":"SearchAction","target":{"@type":"EntryPoint","urlTemplate":"https:\/\/carlosdavila.com\/fr\/?s={search_term_string}"},"query-input":"required name=search_term_string"}],"inLanguage":"fr-FR"}]}},"_links":{"self":[{"href":"https:\/\/carlosdavila.com\/fr\/wp-json\/wp\/v2\/pages\/2345"}],"collection":[{"href":"https:\/\/carlosdavila.com\/fr\/wp-json\/wp\/v2\/pages"}],"about":[{"href":"https:\/\/carlosdavila.com\/fr\/wp-json\/wp\/v2\/types\/page"}],"author":[{"embeddable":true,"href":"https:\/\/carlosdavila.com\/fr\/wp-json\/wp\/v2\/users\/88889"}],"replies":[{"embeddable":true,"href":"https:\/\/carlosdavila.com\/fr\/wp-json\/wp\/v2\/comments?post=2345"}],"version-history":[{"count":2,"href":"https:\/\/carlosdavila.com\/fr\/wp-json\/wp\/v2\/pages\/2345\/revisions"}],"predecessor-version":[{"id":2347,"href":"https:\/\/carlosdavila.com\/fr\/wp-json\/wp\/v2\/pages\/2345\/revisions\/2347"}],"wp:attachment":[{"href":"https:\/\/carlosdavila.com\/fr\/wp-json\/wp\/v2\/media?parent=2345"}],"curies":[{"name":"wp","href":"https:\/\/api.w.org\/{rel}","templated":true}]}}